{"id":563,"date":"2023-10-16T16:14:15","date_gmt":"2023-10-16T19:14:15","guid":{"rendered":"https:\/\/frizzopagnossin.adv.br\/?page_id=563"},"modified":"2023-10-16T16:22:28","modified_gmt":"2023-10-16T19:22:28","slug":"blog","status":"publish","type":"page","link":"https:\/\/frizzopagnossin.adv.br\/index.php\/blog\/","title":{"rendered":"Blog"},"content":{"rendered":"\t\t<div data-elementor-type=\"wp-page\" data-elementor-id=\"563\" class=\"elementor elementor-563\" data-elementor-post-type=\"page\">\n\t\t\t\t\t\t\t\t\t<section class=\"elementor-section elementor-top-section elementor-element elementor-element-664421fe elementor-section-boxed elementor-section-height-default elementor-section-height-default\" data-id=\"664421fe\" data-element_type=\"section\" data-settings=\"{&quot;background_background&quot;:&quot;classic&quot;}\">\n\t\t\t\t\t\t\t<div class=\"elementor-background-overlay\"><\/div>\n\t\t\t\t\t\t\t<div class=\"elementor-container elementor-column-gap-default\">\n\t\t\t\t\t<div class=\"elementor-column elementor-col-100 elementor-top-column elementor-element elementor-element-1dbe7261\" data-id=\"1dbe7261\" data-element_type=\"column\">\n\t\t\t<div class=\"elementor-widget-wrap elementor-element-populated\">\n\t\t\t\t\t\t\t\t<div class=\"elementor-element elementor-element-726f7d1c elementor-widget elementor-widget-heading\" data-id=\"726f7d1c\" data-element_type=\"widget\" data-widget_type=\"heading.default\">\n\t\t\t\t<div class=\"elementor-widget-container\">\n\t\t\t<style>\/*! elementor - v3.16.0 - 20-09-2023 *\/\n.elementor-heading-title{padding:0;margin:0;line-height:1}.elementor-widget-heading .elementor-heading-title[class*=elementor-size-]>a{color:inherit;font-size:inherit;line-height:inherit}.elementor-widget-heading .elementor-heading-title.elementor-size-small{font-size:15px}.elementor-widget-heading .elementor-heading-title.elementor-size-medium{font-size:19px}.elementor-widget-heading .elementor-heading-title.elementor-size-large{font-size:29px}.elementor-widget-heading .elementor-heading-title.elementor-size-xl{font-size:39px}.elementor-widget-heading .elementor-heading-title.elementor-size-xxl{font-size:59px}<\/style><h2 class=\"elementor-heading-title elementor-size-default\">Nosso Blog<\/h2>\t\t<\/div>\n\t\t\t\t<\/div>\n\t\t\t\t<div class=\"elementor-element elementor-element-5a87d5eb elementor-icon-list--layout-inline elementor-align-center elementor-list-item-link-full_width elementor-widget elementor-widget-icon-list\" data-id=\"5a87d5eb\" data-element_type=\"widget\" data-widget_type=\"icon-list.default\">\n\t\t\t\t<div class=\"elementor-widget-container\">\n\t\t\t<link rel=\"stylesheet\" href=\"https:\/\/frizzopagnossin.adv.br\/wp-content\/plugins\/elementor\/assets\/css\/widget-icon-list.min.css\">\t\t<ul class=\"elementor-icon-list-items elementor-inline-items\">\n\t\t\t\t\t\t\t<li class=\"elementor-icon-list-item elementor-inline-item\">\n\t\t\t\t\t\t\t\t\t\t<span class=\"elementor-icon-list-text\">In\u00edcio<\/span>\n\t\t\t\t\t\t\t\t\t<\/li>\n\t\t\t\t\t\t\t\t<li class=\"elementor-icon-list-item elementor-inline-item\">\n\t\t\t\t\t\t\t\t\t\t\t<span class=\"elementor-icon-list-icon\">\n\t\t\t\t\t\t\t<i aria-hidden=\"true\" class=\"fas fa-chevron-right\"><\/i>\t\t\t\t\t\t<\/span>\n\t\t\t\t\t\t\t\t\t\t<span class=\"elementor-icon-list-text\">Blog<\/span>\n\t\t\t\t\t\t\t\t\t<\/li>\n\t\t\t\t\t\t<\/ul>\n\t\t\t\t<\/div>\n\t\t\t\t<\/div>\n\t\t\t\t\t<\/div>\n\t\t<\/div>\n\t\t\t\t\t\t\t<\/div>\n\t\t<\/section>\n\t\t\t\t<section class=\"elementor-section elementor-top-section elementor-element elementor-element-2f34bc03 elementor-section-boxed elementor-section-height-default elementor-section-height-default\" data-id=\"2f34bc03\" data-element_type=\"section\" data-settings=\"{&quot;background_background&quot;:&quot;classic&quot;}\">\n\t\t\t\t\t\t<div class=\"elementor-container elementor-column-gap-default\">\n\t\t\t\t\t<div class=\"elementor-column elementor-col-50 elementor-top-column elementor-element elementor-element-7b35254e\" data-id=\"7b35254e\" data-element_type=\"column\">\n\t\t\t<div class=\"elementor-widget-wrap elementor-element-populated\">\n\t\t\t\t\t\t\t\t<div class=\"elementor-element elementor-element-6290d21d elementor-widget elementor-widget-jkit_post_block\" data-id=\"6290d21d\" data-element_type=\"widget\" data-widget_type=\"jkit_post_block.default\">\n\t\t\t\t<div class=\"elementor-widget-container\">\n\t\t\t<div  class=\"jeg-elementor-kit jkit-postblock postblock-type-3 jkit-pagination-loadmore post-element jeg_module___69f5637e69786\"  data-id=\"jeg_module___69f5637e69786\" data-settings=\"{&quot;post_type&quot;:&quot;post&quot;,&quot;number_post&quot;:{&quot;unit&quot;:&quot;px&quot;,&quot;size&quot;:3,&quot;sizes&quot;:[]},&quot;post_offset&quot;:0,&quot;unique_content&quot;:&quot;disable&quot;,&quot;include_post&quot;:&quot;&quot;,&quot;exclude_post&quot;:&quot;&quot;,&quot;include_category&quot;:&quot;&quot;,&quot;exclude_category&quot;:&quot;&quot;,&quot;include_author&quot;:&quot;&quot;,&quot;include_tag&quot;:&quot;&quot;,&quot;exclude_tag&quot;:&quot;&quot;,&quot;sort_by&quot;:&quot;latest&quot;,&quot;pagination_mode&quot;:&quot;loadmore&quot;,&quot;pagination_loadmore_text&quot;:&quot;Load More&quot;,&quot;pagination_loading_text&quot;:&quot;Loading...&quot;,&quot;pagination_number_post&quot;:{&quot;unit&quot;:&quot;px&quot;,&quot;size&quot;:3,&quot;sizes&quot;:[]},&quot;pagination_scroll_limit&quot;:0,&quot;pagination_icon&quot;:{&quot;value&quot;:&quot;&quot;,&quot;library&quot;:&quot;&quot;},&quot;pagination_icon_position&quot;:&quot;before&quot;,&quot;st_category_position&quot;:&quot;left&quot;,&quot;sg_content_postblock_type&quot;:&quot;type-3&quot;,&quot;sg_content_element_order&quot;:&quot;title,meta,excerpt&quot;,&quot;sg_content_breakpoint&quot;:&quot;tablet&quot;,&quot;sg_content_title_html_tag&quot;:&quot;h3&quot;,&quot;sg_content_category_enable&quot;:&quot;&quot;,&quot;sg_content_excerpt_enable&quot;:&quot;yes&quot;,&quot;sg_content_excerpt_length&quot;:{&quot;unit&quot;:&quot;px&quot;,&quot;size&quot;:36,&quot;sizes&quot;:[]},&quot;sg_content_excerpt_more&quot;:&quot;...&quot;,&quot;sg_content_readmore_enable&quot;:&quot;yes&quot;,&quot;sg_content_readmore_icon&quot;:{&quot;value&quot;:&quot;fas fa-arrow-right&quot;,&quot;library&quot;:&quot;fa-solid&quot;},&quot;sg_content_readmore_icon_position&quot;:&quot;after&quot;,&quot;sg_content_readmore_text&quot;:&quot;Read More&quot;,&quot;sg_content_comment_enable&quot;:&quot;&quot;,&quot;sg_content_comment_icon&quot;:{&quot;value&quot;:&quot;fas fa-comment&quot;,&quot;library&quot;:&quot;fa-solid&quot;},&quot;sg_content_comment_icon_position&quot;:&quot;before&quot;,&quot;sg_content_meta_enable&quot;:&quot;&quot;,&quot;sg_content_meta_author_enable&quot;:&quot;&quot;,&quot;sg_content_meta_author_by_text&quot;:&quot;by&quot;,&quot;sg_content_meta_author_icon&quot;:{&quot;value&quot;:&quot;fas fa-user&quot;,&quot;library&quot;:&quot;fa-solid&quot;},&quot;sg_content_meta_author_icon_position&quot;:&quot;before&quot;,&quot;sg_content_meta_date_enable&quot;:&quot;yes&quot;,&quot;sg_content_meta_date_type&quot;:&quot;published&quot;,&quot;sg_content_meta_date_format&quot;:&quot;default&quot;,&quot;sg_content_meta_date_format_custom&quot;:&quot;F j, Y&quot;,&quot;sg_content_meta_date_icon&quot;:{&quot;value&quot;:&quot;fas fa-clock&quot;,&quot;library&quot;:&quot;fa-solid&quot;},&quot;sg_content_meta_date_icon_position&quot;:&quot;before&quot;,&quot;sg_content_image_size_imagesize_size&quot;:&quot;full&quot;,&quot;paged&quot;:1,&quot;class&quot;:&quot;jkit_post_block&quot;}\"><div class=\"jkit-block-container\"><div class=\"jkit-posts jkit-ajax-flag\">\n            <article class=\"jkit-post post-623 post type-post status-publish format-standard hentry category-sem-categoria\">\n                    <div class=\"jkit-thumb\"><a href=\"https:\/\/frizzopagnossin.adv.br\/index.php\/2024\/06\/18\/diferenca-do-alcance-da-pena-de-suspensao-do-direito-de-licitar-entre-a-lei-14-133-21-e-a-lei-8-666-93\/\"><div class=\"thumbnail-container no_thumbnail\">\n            \n        <\/div><\/a><\/div>\n                    <div class=\"jkit-postblock-content\"><h3 class=\"jkit-post-title\">\n\t\t\t\t\t\t\t<a href=\"https:\/\/frizzopagnossin.adv.br\/index.php\/2024\/06\/18\/diferenca-do-alcance-da-pena-de-suspensao-do-direito-de-licitar-entre-a-lei-14-133-21-e-a-lei-8-666-93\/\">Diferen\u00e7a do Alcance da Pena de Suspens\u00e3o do Direito de Licitar entre a Lei 14.133\/21 e a Lei 8.666\/93<\/a>\n\t\t\t\t\t\t<\/h3><div class=\"jkit-post-excerpt\"><p>A legisla\u00e7\u00e3o brasileira que regula as licita\u00e7\u00f5es e contratos administrativos passou por uma significativa reformula\u00e7\u00e3o com a promulga\u00e7\u00e3o da Lei n\u00ba 14.133\/2021, substituindo a antiga Lei n\u00ba 8.666\/1993. Uma das mudan\u00e7as mais not\u00e1veis diz respeito ao...<\/p><\/div><\/div>\n                <\/article><article class=\"jkit-post post-525 post type-post status-publish format-standard has-post-thumbnail hentry category-sem-categoria\">\n                    <div class=\"jkit-thumb\"><a href=\"https:\/\/frizzopagnossin.adv.br\/index.php\/2023\/10\/16\/desvendando-o-direito-civil-conceitos-fundamentais-e-aplicacoes-praticas\/\"><div class=\"thumbnail-container \">\n            <img loading=\"lazy\" decoding=\"async\" width=\"1024\" height=\"668\" src=\"https:\/\/frizzopagnossin.adv.br\/wp-content\/uploads\/2023\/10\/direito-civil1491921119.jpg\" class=\"attachment-full size-full wp-post-image\" alt=\"\" srcset=\"https:\/\/frizzopagnossin.adv.br\/wp-content\/uploads\/2023\/10\/direito-civil1491921119.jpg 1024w, https:\/\/frizzopagnossin.adv.br\/wp-content\/uploads\/2023\/10\/direito-civil1491921119-300x196.jpg 300w, https:\/\/frizzopagnossin.adv.br\/wp-content\/uploads\/2023\/10\/direito-civil1491921119-768x501.jpg 768w\" sizes=\"(max-width: 1024px) 100vw, 1024px\" \/>\n        <\/div><\/a><\/div>\n                    <div class=\"jkit-postblock-content\"><h3 class=\"jkit-post-title\">\n\t\t\t\t\t\t\t<a href=\"https:\/\/frizzopagnossin.adv.br\/index.php\/2023\/10\/16\/desvendando-o-direito-civil-conceitos-fundamentais-e-aplicacoes-praticas\/\">Desvendando o Direito Civil: Conceitos Fundamentais e Aplica\u00e7\u00f5es Pr\u00e1ticas<\/a>\n\t\t\t\t\t\t<\/h3><div class=\"jkit-post-excerpt\"><p>Desvendando o Direito Civil: Conceitos Fundamentais e Aplica\u00e7\u00f5es Pr\u00e1ticas O Direito Civil \u00e9 uma das \u00e1reas mais amplas e fundamentais do sistema jur\u00eddico. Envolve as rela\u00e7\u00f5es pessoais, contratos, propriedade, sucess\u00f5es e uma infinidade de quest\u00f5es legais...<\/p><\/div><\/div>\n                <\/article><article class=\"jkit-post post-505 post type-post status-publish format-standard has-post-thumbnail hentry category-sem-categoria\">\n                    <div class=\"jkit-thumb\"><a href=\"https:\/\/frizzopagnossin.adv.br\/index.php\/2023\/10\/16\/desvendando-o-direito-administrativo-conceitos-e-aplicacoes\/\"><div class=\"thumbnail-container \">\n            <img loading=\"lazy\" decoding=\"async\" width=\"500\" height=\"246\" src=\"https:\/\/frizzopagnossin.adv.br\/wp-content\/uploads\/2023\/10\/IiqdVhBlCS9pMuoDhaOPU6bdTQ1ISaWmrhL2jjsJ.jpeg\" class=\"attachment-full size-full wp-post-image\" alt=\"\" srcset=\"https:\/\/frizzopagnossin.adv.br\/wp-content\/uploads\/2023\/10\/IiqdVhBlCS9pMuoDhaOPU6bdTQ1ISaWmrhL2jjsJ.jpeg 500w, https:\/\/frizzopagnossin.adv.br\/wp-content\/uploads\/2023\/10\/IiqdVhBlCS9pMuoDhaOPU6bdTQ1ISaWmrhL2jjsJ-300x148.jpeg 300w\" sizes=\"(max-width: 500px) 100vw, 500px\" \/>\n        <\/div><\/a><\/div>\n                    <div class=\"jkit-postblock-content\"><h3 class=\"jkit-post-title\">\n\t\t\t\t\t\t\t<a href=\"https:\/\/frizzopagnossin.adv.br\/index.php\/2023\/10\/16\/desvendando-o-direito-administrativo-conceitos-e-aplicacoes\/\">Desvendando o Direito Administrativo: Conceitos e Aplica\u00e7\u00f5es<\/a>\n\t\t\t\t\t\t<\/h3><div class=\"jkit-post-excerpt\"><p>Desvendando o Direito Administrativo: Conceitos e Aplica\u00e7\u00f5es O Direito Administrativo \u00e9 uma \u00e1rea fascinante do direito que governa as rela\u00e7\u00f5es entre cidad\u00e3os e a Administra\u00e7\u00e3o P\u00fablica. Embora possa parecer complexo \u00e0 primeira vista, \u00e9 essencial para...<\/p><\/div><\/div>\n                <\/article>\n        <\/div><\/div><\/div>\t\t<\/div>\n\t\t\t\t<\/div>\n\t\t\t\t\t<\/div>\n\t\t<\/div>\n\t\t\t\t<div class=\"elementor-column elementor-col-50 elementor-top-column elementor-element elementor-element-2c2cc9e6\" data-id=\"2c2cc9e6\" data-element_type=\"column\">\n\t\t\t<div class=\"elementor-widget-wrap elementor-element-populated\">\n\t\t\t\t\t\t\t\t<section class=\"elementor-section elementor-inner-section elementor-element elementor-element-771595dc elementor-section-boxed elementor-section-height-default elementor-section-height-default\" data-id=\"771595dc\" data-element_type=\"section\" data-settings=\"{&quot;background_background&quot;:&quot;classic&quot;}\">\n\t\t\t\t\t\t<div class=\"elementor-container elementor-column-gap-default\">\n\t\t\t\t\t<div class=\"elementor-column elementor-col-100 elementor-inner-column elementor-element elementor-element-1519cff7\" data-id=\"1519cff7\" data-element_type=\"column\">\n\t\t\t<div class=\"elementor-widget-wrap elementor-element-populated\">\n\t\t\t\t\t\t\t\t<div class=\"elementor-element elementor-element-32e16982 elementor-widget elementor-widget-heading\" data-id=\"32e16982\" data-element_type=\"widget\" data-widget_type=\"heading.default\">\n\t\t\t\t<div class=\"elementor-widget-container\">\n\t\t\t<h3 class=\"elementor-heading-title elementor-size-default\">Recent Post<\/h3>\t\t<\/div>\n\t\t\t\t<\/div>\n\t\t\t\t<div class=\"elementor-element elementor-element-11e0b1da elementor-widget elementor-widget-jkit_post_list\" data-id=\"11e0b1da\" data-element_type=\"widget\" data-widget_type=\"jkit_post_list.default\">\n\t\t\t\t<div class=\"elementor-widget-container\">\n\t\t\t<div  class=\"jeg-elementor-kit jkit-postlist layout-vertical post-element jkit-pagination-disable jeg_module__1_69f5637e72979\"  data-id=\"jeg_module__1_69f5637e72979\" data-settings=\"{&quot;post_type&quot;:&quot;post&quot;,&quot;number_post&quot;:{&quot;unit&quot;:&quot;px&quot;,&quot;size&quot;:3,&quot;sizes&quot;:[]},&quot;post_offset&quot;:0,&quot;unique_content&quot;:&quot;disable&quot;,&quot;include_post&quot;:&quot;&quot;,&quot;exclude_post&quot;:&quot;&quot;,&quot;include_category&quot;:&quot;&quot;,&quot;exclude_category&quot;:&quot;&quot;,&quot;include_author&quot;:&quot;&quot;,&quot;include_tag&quot;:&quot;&quot;,&quot;exclude_tag&quot;:&quot;&quot;,&quot;sort_by&quot;:&quot;latest&quot;,&quot;pagination_mode&quot;:&quot;disable&quot;,&quot;pagination_loadmore_text&quot;:&quot;Load More&quot;,&quot;pagination_loading_text&quot;:&quot;Loading...&quot;,&quot;pagination_number_post&quot;:{&quot;unit&quot;:&quot;px&quot;,&quot;size&quot;:3,&quot;sizes&quot;:[]},&quot;pagination_scroll_limit&quot;:0,&quot;pagination_icon&quot;:{&quot;value&quot;:&quot;&quot;,&quot;library&quot;:&quot;&quot;},&quot;pagination_icon_position&quot;:&quot;before&quot;,&quot;sg_content_layout&quot;:&quot;vertical&quot;,&quot;sg_content_image_enable&quot;:0,&quot;sg_content_background_image_enable&quot;:0,&quot;sg_content_icon_enable&quot;:&quot;&quot;,&quot;sg_content_icon&quot;:{&quot;value&quot;:&quot;fas fa-circle&quot;,&quot;library&quot;:&quot;fa-solid&quot;},&quot;sg_content_meta_enable&quot;:&quot;yes&quot;,&quot;sg_content_meta_date_enable&quot;:&quot;yes&quot;,&quot;sg_content_meta_date_type&quot;:&quot;published&quot;,&quot;sg_content_meta_date_format&quot;:&quot;default&quot;,&quot;sg_content_meta_date_format_custom&quot;:&quot;F j, Y&quot;,&quot;sg_content_meta_date_icon&quot;:{&quot;value&quot;:&quot;fas fa-clock&quot;,&quot;library&quot;:&quot;fa-solid&quot;},&quot;sg_content_meta_category_enable&quot;:0,&quot;sg_content_meta_category_icon&quot;:{&quot;value&quot;:&quot;fas fa-tag&quot;,&quot;library&quot;:&quot;fa-solid&quot;},&quot;sg_content_meta_position&quot;:&quot;top&quot;,&quot;sg_content_image_size_imagesize_size&quot;:&quot;large&quot;,&quot;paged&quot;:1,&quot;class&quot;:&quot;jkit_post_list&quot;}\"><div class=\"jkit-block-container\"><div class=\"jkit-posts jkit-ajax-flag\">\n            <article class=\"jkit-post post-list-item\">\n                <a href=\"https:\/\/frizzopagnossin.adv.br\/index.php\/2024\/06\/18\/diferenca-do-alcance-da-pena-de-suspensao-do-direito-de-licitar-entre-a-lei-14-133-21-e-a-lei-8-666-93\/\" >\n                    \n                    <div class=\"jkit-postlist-content\"><div class=\"meta-lists\"><span class=\"meta-date\"><i aria-hidden=\"true\" class=\"fas fa-clock\"><\/i>18 de June de 2024<\/span> <\/div><span class=\"jkit-postlist-title\">Diferen\u00e7a do Alcance da Pena de Suspens\u00e3o do Direito de Licitar entre a Lei 14.133\/21 e a Lei 8.666\/93<\/span><\/div>\n                <\/a>\n            <\/article><article class=\"jkit-post post-list-item\">\n                <a href=\"https:\/\/frizzopagnossin.adv.br\/index.php\/2023\/10\/16\/desvendando-o-direito-civil-conceitos-fundamentais-e-aplicacoes-praticas\/\" >\n                    \n                    <div class=\"jkit-postlist-content\"><div class=\"meta-lists\"><span class=\"meta-date\"><i aria-hidden=\"true\" class=\"fas fa-clock\"><\/i>16 de October de 2023<\/span> <\/div><span class=\"jkit-postlist-title\">Desvendando o Direito Civil: Conceitos Fundamentais e Aplica\u00e7\u00f5es Pr\u00e1ticas<\/span><\/div>\n                <\/a>\n            <\/article><article class=\"jkit-post post-list-item\">\n                <a href=\"https:\/\/frizzopagnossin.adv.br\/index.php\/2023\/10\/16\/desvendando-o-direito-administrativo-conceitos-e-aplicacoes\/\" >\n                    \n                    <div class=\"jkit-postlist-content\"><div class=\"meta-lists\"><span class=\"meta-date\"><i aria-hidden=\"true\" class=\"fas fa-clock\"><\/i>16 de October de 2023<\/span> <\/div><span class=\"jkit-postlist-title\">Desvendando o Direito Administrativo: Conceitos e Aplica\u00e7\u00f5es<\/span><\/div>\n                <\/a>\n            <\/article>\n        <\/div><\/div><\/div>\t\t<\/div>\n\t\t\t\t<\/div>\n\t\t\t\t\t<\/div>\n\t\t<\/div>\n\t\t\t\t\t\t\t<\/div>\n\t\t<\/section>\n\t\t\t\t<section class=\"elementor-section elementor-inner-section elementor-element elementor-element-b345928 elementor-section-boxed elementor-section-height-default elementor-section-height-default\" data-id=\"b345928\" data-element_type=\"section\" data-settings=\"{&quot;background_background&quot;:&quot;classic&quot;}\">\n\t\t\t\t\t\t\t<div class=\"elementor-background-overlay\"><\/div>\n\t\t\t\t\t\t\t<div class=\"elementor-container elementor-column-gap-default\">\n\t\t\t\t\t<div class=\"elementor-column elementor-col-100 elementor-inner-column elementor-element elementor-element-23241eb\" data-id=\"23241eb\" data-element_type=\"column\">\n\t\t\t<div class=\"elementor-widget-wrap elementor-element-populated\">\n\t\t\t\t\t\t\t\t<div class=\"elementor-element elementor-element-572f658 elementor-widget elementor-widget-heading\" data-id=\"572f658\" data-element_type=\"widget\" data-widget_type=\"heading.default\">\n\t\t\t\t<div class=\"elementor-widget-container\">\n\t\t\t<h3 class=\"elementor-heading-title elementor-size-default\">Entre em contato<\/h3>\t\t<\/div>\n\t\t\t\t<\/div>\n\t\t\t\t<div class=\"elementor-element elementor-element-aa1283b elementor-widget elementor-widget-text-editor\" data-id=\"aa1283b\" data-element_type=\"widget\" data-widget_type=\"text-editor.default\">\n\t\t\t\t<div class=\"elementor-widget-container\">\n\t\t\t<style>\/*! elementor - v3.16.0 - 20-09-2023 *\/\n.elementor-widget-text-editor.elementor-drop-cap-view-stacked .elementor-drop-cap{background-color:#69727d;color:#fff}.elementor-widget-text-editor.elementor-drop-cap-view-framed .elementor-drop-cap{color:#69727d;border:3px solid;background-color:transparent}.elementor-widget-text-editor:not(.elementor-drop-cap-view-default) .elementor-drop-cap{margin-top:8px}.elementor-widget-text-editor:not(.elementor-drop-cap-view-default) .elementor-drop-cap-letter{width:1em;height:1em}.elementor-widget-text-editor .elementor-drop-cap{float:left;text-align:center;line-height:1;font-size:50px}.elementor-widget-text-editor .elementor-drop-cap-letter{display:inline-block}<\/style>\t\t\t\t<p>Agende uma consulta e deixe nossa equipe de advogados especializados cuidar de voc\u00ea, oferecendo orienta\u00e7\u00e3o e representa\u00e7\u00e3o eficaz. Deixe-nos ser seus parceiros legais nessa jornada.<\/p>\t\t\t\t\t\t<\/div>\n\t\t\t\t<\/div>\n\t\t\t\t<div class=\"elementor-element elementor-element-d4c88a5 elementor-align-left elementor-widget__width-initial elementor-widget-tablet__width-inherit animated-slow elementor-invisible elementor-widget elementor-widget-button\" data-id=\"d4c88a5\" data-element_type=\"widget\" data-settings=\"{&quot;_animation&quot;:&quot;fadeInRight&quot;}\" data-widget_type=\"button.default\">\n\t\t\t\t<div class=\"elementor-widget-container\">\n\t\t\t\t\t<div class=\"elementor-button-wrapper\">\n\t\t\t<a class=\"elementor-button elementor-button-link elementor-size-sm elementor-animation-float\" href=\"https:\/\/api.whatsapp.com\/send?phone=5551981810160\">\n\t\t\t\t\t\t<span class=\"elementor-button-content-wrapper\">\n\t\t\t\t\t\t<span class=\"elementor-button-icon elementor-align-icon-left\">\n\t\t\t\t<i aria-hidden=\"true\" class=\"fas fa-phone-alt\"><\/i>\t\t\t<\/span>\n\t\t\t\t\t\t<span class=\"elementor-button-text\">contato<\/span>\n\t\t<\/span>\n\t\t\t\t\t<\/a>\n\t\t<\/div>\n\t\t\t\t<\/div>\n\t\t\t\t<\/div>\n\t\t\t\t\t<\/div>\n\t\t<\/div>\n\t\t\t\t\t\t\t<\/div>\n\t\t<\/section>\n\t\t\t\t\t<\/div>\n\t\t<\/div>\n\t\t\t\t\t\t\t<\/div>\n\t\t<\/section>\n\t\t\t\t\t\t\t<\/div>\n\t\t","protected":false},"excerpt":{"rendered":"<p>Nosso Blog In\u00edcio Blog edit post Desvendando o Direito Civil: Conceitos Fundamentais e Aplica\u00e7\u00f5es Pr\u00e1ticas Desvendando o Direito Civil: Conceitos Fundamentais e Aplica\u00e7\u00f5es Pr\u00e1ticas O Direito Civil \u00e9 uma das \u00e1reas mais amplas e fundamentais do sistema jur\u00eddico. Envolve as rela\u00e7\u00f5es pessoais, contratos, propriedade, sucess\u00f5es e uma infinidade de quest\u00f5es legais&#8230; edit post Desvendando o [&hellip;]<\/p>\n","protected":false},"author":1,"featured_media":0,"parent":0,"menu_order":0,"comment_status":"open","ping_status":"closed","template":"elementor_canvas","meta":{"footnotes":""},"_links":{"self":[{"href":"https:\/\/frizzopagnossin.adv.br\/index.php\/wp-json\/wp\/v2\/pages\/563"}],"collection":[{"href":"https:\/\/frizzopagnossin.adv.br\/index.php\/wp-json\/wp\/v2\/pages"}],"about":[{"href":"https:\/\/frizzopagnossin.adv.br\/index.php\/wp-json\/wp\/v2\/types\/page"}],"author":[{"embeddable":true,"href":"https:\/\/frizzopagnossin.adv.br\/index.php\/wp-json\/wp\/v2\/users\/1"}],"replies":[{"embeddable":true,"href":"https:\/\/frizzopagnossin.adv.br\/index.php\/wp-json\/wp\/v2\/comments?post=563"}],"version-history":[{"count":19,"href":"https:\/\/frizzopagnossin.adv.br\/index.php\/wp-json\/wp\/v2\/pages\/563\/revisions"}],"predecessor-version":[{"id":584,"href":"https:\/\/frizzopagnossin.adv.br\/index.php\/wp-json\/wp\/v2\/pages\/563\/revisions\/584"}],"wp:attachment":[{"href":"https:\/\/frizzopagnossin.adv.br\/index.php\/wp-json\/wp\/v2\/media?parent=563"}],"curies":[{"name":"wp","href":"https:\/\/api.w.org\/{rel}","templated":true}]}}