{"id":460,"date":"2023-10-16T15:03:33","date_gmt":"2023-10-16T18:03:33","guid":{"rendered":"https:\/\/frizzopagnossin.adv.br\/?page_id=460"},"modified":"2023-10-16T15:08:09","modified_gmt":"2023-10-16T18:08:09","slug":"direito-tributario","status":"publish","type":"page","link":"https:\/\/frizzopagnossin.adv.br\/index.php\/direito-tributario\/","title":{"rendered":"Direito Tribut\u00e1rio"},"content":{"rendered":"\t\t<div data-elementor-type=\"wp-page\" data-elementor-id=\"460\" class=\"elementor elementor-460\" data-elementor-post-type=\"page\">\n\t\t\t\t\t\t\t\t\t<section class=\"elementor-section elementor-top-section elementor-element elementor-element-d75a945 elementor-section-boxed elementor-section-height-default elementor-section-height-default\" data-id=\"d75a945\" data-element_type=\"section\" data-settings=\"{&quot;background_background&quot;:&quot;classic&quot;}\">\n\t\t\t\t\t\t\t<div class=\"elementor-background-overlay\"><\/div>\n\t\t\t\t\t\t\t<div class=\"elementor-container elementor-column-gap-default\">\n\t\t\t\t\t<div class=\"elementor-column elementor-col-100 elementor-top-column elementor-element elementor-element-f17de40\" data-id=\"f17de40\" data-element_type=\"column\">\n\t\t\t<div class=\"elementor-widget-wrap elementor-element-populated\">\n\t\t\t\t\t\t\t\t<div class=\"elementor-element elementor-element-5b9bdaf elementor-widget elementor-widget-heading\" data-id=\"5b9bdaf\" data-element_type=\"widget\" data-widget_type=\"heading.default\">\n\t\t\t\t<div class=\"elementor-widget-container\">\n\t\t\t<style>\/*! elementor - v3.16.0 - 20-09-2023 *\/\n.elementor-heading-title{padding:0;margin:0;line-height:1}.elementor-widget-heading .elementor-heading-title[class*=elementor-size-]>a{color:inherit;font-size:inherit;line-height:inherit}.elementor-widget-heading .elementor-heading-title.elementor-size-small{font-size:15px}.elementor-widget-heading .elementor-heading-title.elementor-size-medium{font-size:19px}.elementor-widget-heading .elementor-heading-title.elementor-size-large{font-size:29px}.elementor-widget-heading .elementor-heading-title.elementor-size-xl{font-size:39px}.elementor-widget-heading .elementor-heading-title.elementor-size-xxl{font-size:59px}<\/style><h2 class=\"elementor-heading-title elementor-size-default\">Direito Tribut\u00e1rio<\/h2>\t\t<\/div>\n\t\t\t\t<\/div>\n\t\t\t\t<div class=\"elementor-element elementor-element-da26b4e elementor-icon-list--layout-inline elementor-align-center elementor-list-item-link-full_width elementor-widget elementor-widget-icon-list\" data-id=\"da26b4e\" data-element_type=\"widget\" data-widget_type=\"icon-list.default\">\n\t\t\t\t<div class=\"elementor-widget-container\">\n\t\t\t<link rel=\"stylesheet\" href=\"https:\/\/frizzopagnossin.adv.br\/wp-content\/plugins\/elementor\/assets\/css\/widget-icon-list.min.css\">\t\t<ul class=\"elementor-icon-list-items elementor-inline-items\">\n\t\t\t\t\t\t\t<li class=\"elementor-icon-list-item elementor-inline-item\">\n\t\t\t\t\t\t\t\t\t\t<span class=\"elementor-icon-list-text\">In\u00edcio<\/span>\n\t\t\t\t\t\t\t\t\t<\/li>\n\t\t\t\t\t\t\t\t<li class=\"elementor-icon-list-item elementor-inline-item\">\n\t\t\t\t\t\t\t\t\t\t\t<span class=\"elementor-icon-list-icon\">\n\t\t\t\t\t\t\t<i aria-hidden=\"true\" class=\"fas fa-chevron-right\"><\/i>\t\t\t\t\t\t<\/span>\n\t\t\t\t\t\t\t\t\t\t<span class=\"elementor-icon-list-text\">Direito Tribut\u00e1rio<\/span>\n\t\t\t\t\t\t\t\t\t<\/li>\n\t\t\t\t\t\t<\/ul>\n\t\t\t\t<\/div>\n\t\t\t\t<\/div>\n\t\t\t\t\t<\/div>\n\t\t<\/div>\n\t\t\t\t\t\t\t<\/div>\n\t\t<\/section>\n\t\t\t\t<section class=\"elementor-section elementor-top-section elementor-element elementor-element-6c3cb8c elementor-section-content-middle elementor-section-boxed elementor-section-height-default elementor-section-height-default\" data-id=\"6c3cb8c\" data-element_type=\"section\">\n\t\t\t\t\t\t<div class=\"elementor-container elementor-column-gap-default\">\n\t\t\t\t\t<div class=\"elementor-column elementor-col-100 elementor-top-column elementor-element elementor-element-5a12392\" data-id=\"5a12392\" data-element_type=\"column\">\n\t\t\t<div class=\"elementor-widget-wrap elementor-element-populated\">\n\t\t\t\t\t\t\t\t<div class=\"elementor-element elementor-element-8396e27 elementor-widget elementor-widget-heading\" data-id=\"8396e27\" data-element_type=\"widget\" data-widget_type=\"heading.default\">\n\t\t\t\t<div class=\"elementor-widget-container\">\n\t\t\t<h2 class=\"elementor-heading-title elementor-size-default\">Por Que Escolher Nossos Servi\u00e7os de Direito Tribut\u00e1rio?<\/h2>\t\t<\/div>\n\t\t\t\t<\/div>\n\t\t\t\t<div class=\"elementor-element elementor-element-bf3e5cc elementor-widget elementor-widget-text-editor\" data-id=\"bf3e5cc\" data-element_type=\"widget\" data-widget_type=\"text-editor.default\">\n\t\t\t\t<div class=\"elementor-widget-container\">\n\t\t\t<style>\/*! elementor - v3.16.0 - 20-09-2023 *\/\n.elementor-widget-text-editor.elementor-drop-cap-view-stacked .elementor-drop-cap{background-color:#69727d;color:#fff}.elementor-widget-text-editor.elementor-drop-cap-view-framed .elementor-drop-cap{color:#69727d;border:3px solid;background-color:transparent}.elementor-widget-text-editor:not(.elementor-drop-cap-view-default) .elementor-drop-cap{margin-top:8px}.elementor-widget-text-editor:not(.elementor-drop-cap-view-default) .elementor-drop-cap-letter{width:1em;height:1em}.elementor-widget-text-editor .elementor-drop-cap{float:left;text-align:center;line-height:1;font-size:50px}.elementor-widget-text-editor .elementor-drop-cap-letter{display:inline-block}<\/style>\t\t\t\t<p><img loading=\"lazy\" decoding=\"async\" class=\"alignnone size-medium wp-image-296\" src=\"https:\/\/frizzopagnossin.adv.br\/wp-content\/uploads\/2023\/10\/business-woman-accountant-working-and-calculating-financial-data-on-graph-documents-300x169.jpg\" alt=\"\" width=\"300\" height=\"169\" srcset=\"https:\/\/frizzopagnossin.adv.br\/wp-content\/uploads\/2023\/10\/business-woman-accountant-working-and-calculating-financial-data-on-graph-documents-300x169.jpg 300w, https:\/\/frizzopagnossin.adv.br\/wp-content\/uploads\/2023\/10\/business-woman-accountant-working-and-calculating-financial-data-on-graph-documents-1024x576.jpg 1024w, https:\/\/frizzopagnossin.adv.br\/wp-content\/uploads\/2023\/10\/business-woman-accountant-working-and-calculating-financial-data-on-graph-documents-768x432.jpg 768w, https:\/\/frizzopagnossin.adv.br\/wp-content\/uploads\/2023\/10\/business-woman-accountant-working-and-calculating-financial-data-on-graph-documents-1536x864.jpg 1536w, https:\/\/frizzopagnossin.adv.br\/wp-content\/uploads\/2023\/10\/business-woman-accountant-working-and-calculating-financial-data-on-graph-documents.jpg 2000w\" sizes=\"(max-width: 300px) 100vw, 300px\" \/><\/p><p><strong>Especializa\u00e7\u00e3o e Experi\u00eancia<\/strong><br \/>Nossa equipe de advogados possui vasta experi\u00eancia em Direito Tribut\u00e1rio e mant\u00e9m-se atualizada com as mudan\u00e7as constantes na legisla\u00e7\u00e3o fiscal. Sabemos como lidar com uma ampla gama de quest\u00f5es fiscais e tribut\u00e1rias.<\/p><p><strong>Orienta\u00e7\u00e3o Personalizada<\/strong><br \/>Cada cliente \u00e9 \u00fanico, e oferecemos orienta\u00e7\u00e3o jur\u00eddica personalizada, ajudando voc\u00ea a entender suas obriga\u00e7\u00f5es fiscais, planejar seu futuro financeiro e cumprir as leis tribut\u00e1rias.<\/p><p><strong>Representa\u00e7\u00e3o Eficaz<\/strong><br \/>Quando se trata de disputas fiscais, auditorias ou lit\u00edgios com autoridades fiscais, nossa equipe est\u00e1 pronta para represent\u00e1-lo com efici\u00eancia e determina\u00e7\u00e3o. Nossa prioridade \u00e9 proteger seus interesses e garantir que voc\u00ea seja tratado de forma justa.<\/p><p><strong>Nossos servi\u00e7os:<\/strong><\/p><p><strong>Planejamento Tribut\u00e1rio<\/strong><br \/>Ajudamos voc\u00ea a otimizar sua situa\u00e7\u00e3o fiscal, minimizando encargos desnecess\u00e1rios e garantindo o cumprimento das leis tribut\u00e1rias.<\/p><p><strong>Resolu\u00e7\u00e3o de Lit\u00edgios Fiscais<\/strong><br \/>Se voc\u00ea est\u00e1 envolvido em disputas com as autoridades fiscais, nossa equipe pode represent\u00e1-lo em recursos administrativos e judiciais, buscando uma resolu\u00e7\u00e3o eficaz.<\/p><p><strong>Auditoria Tribut\u00e1ria<\/strong><br \/>Oferecemos assist\u00eancia na prepara\u00e7\u00e3o para auditorias fiscais, bem como na resposta a quest\u00f5es levantadas durante o processo de auditoria.<\/p><p><strong>Conformidade Fiscal<\/strong><br \/>Auxiliamos indiv\u00edduos e empresas a entender e cumprir suas obriga\u00e7\u00f5es fiscais, evitando penalidades e problemas legais.<\/p><p><strong>Consultoria em Planejamento de Neg\u00f3cios<\/strong><br \/>Fornecemos orienta\u00e7\u00e3o para empresas sobre estrat\u00e9gias de planejamento tribut\u00e1rio que ajudam a alcan\u00e7ar efici\u00eancia fiscal e crescimento sustent\u00e1vel.<\/p>\t\t\t\t\t\t<\/div>\n\t\t\t\t<\/div>\n\t\t\t\t<section class=\"elementor-section elementor-inner-section elementor-element elementor-element-1683745 elementor-section-content-middle elementor-section-boxed elementor-section-height-default elementor-section-height-default\" data-id=\"1683745\" data-element_type=\"section\">\n\t\t\t\t\t\t<div class=\"elementor-container elementor-column-gap-no\">\n\t\t\t\t\t<div class=\"elementor-column elementor-col-100 elementor-inner-column elementor-element elementor-element-7c7dbda\" data-id=\"7c7dbda\" data-element_type=\"column\">\n\t\t\t<div class=\"elementor-widget-wrap\">\n\t\t\t\t\t\t\t\t\t<\/div>\n\t\t<\/div>\n\t\t\t\t\t\t\t<\/div>\n\t\t<\/section>\n\t\t\t\t\t<\/div>\n\t\t<\/div>\n\t\t\t\t\t\t\t<\/div>\n\t\t<\/section>\n\t\t\t\t<section class=\"elementor-section elementor-top-section elementor-element elementor-element-76b6ea8 elementor-section-full_width elementor-section-height-default elementor-section-height-default\" data-id=\"76b6ea8\" data-element_type=\"section\" data-settings=\"{&quot;background_background&quot;:&quot;classic&quot;}\">\n\t\t\t\t\t\t<div class=\"elementor-container elementor-column-gap-no\">\n\t\t\t\t\t<div class=\"elementor-column elementor-col-50 elementor-top-column elementor-element elementor-element-f327ed2\" data-id=\"f327ed2\" data-element_type=\"column\" data-settings=\"{&quot;background_background&quot;:&quot;classic&quot;}\">\n\t\t\t<div class=\"elementor-widget-wrap elementor-element-populated\">\n\t\t\t\t\t<div class=\"elementor-background-overlay\"><\/div>\n\t\t\t\t\t\t\t\t<div class=\"elementor-element elementor-element-7af241f animated-slow elementor-invisible elementor-widget elementor-widget-heading\" data-id=\"7af241f\" data-element_type=\"widget\" data-settings=\"{&quot;_animation&quot;:&quot;fadeInLeft&quot;}\" data-widget_type=\"heading.default\">\n\t\t\t\t<div class=\"elementor-widget-container\">\n\t\t\t<h5 class=\"elementor-heading-title elementor-size-default\">frizzo pagnossin<\/h5>\t\t<\/div>\n\t\t\t\t<\/div>\n\t\t\t\t<div class=\"elementor-element elementor-element-d51413e elementor-widget elementor-widget-text-editor\" data-id=\"d51413e\" data-element_type=\"widget\" data-widget_type=\"text-editor.default\">\n\t\t\t\t<div class=\"elementor-widget-container\">\n\t\t\t\t\t\t\t<h5>Entre em Contato Conosco<\/h5><p>Se voc\u00ea est\u00e1 enfrentando desafios relacionados ao Direito Tribut\u00e1rio, entre em contato conosco. Estamos aqui para fornecer solu\u00e7\u00f5es jur\u00eddicas personalizadas que protejam seus interesses e garantam que voc\u00ea esteja em conformidade com as leis tribut\u00e1rias. Agende uma consulta e deixe nossa equipe de advogados especializados em Direito Tribut\u00e1rio cuidar de voc\u00ea, proporcionando tranquilidade e seguran\u00e7a no complexo cen\u00e1rio fiscal.<\/p>\t\t\t\t\t\t<\/div>\n\t\t\t\t<\/div>\n\t\t\t\t<div class=\"elementor-element elementor-element-1d5caf2 elementor-align-left animated-slow elementor-widget__width-initial elementor-widget-tablet__width-inherit elementor-invisible elementor-widget elementor-widget-button\" data-id=\"1d5caf2\" data-element_type=\"widget\" data-settings=\"{&quot;_animation&quot;:&quot;fadeInRight&quot;}\" data-widget_type=\"button.default\">\n\t\t\t\t<div class=\"elementor-widget-container\">\n\t\t\t\t\t<div class=\"elementor-button-wrapper\">\n\t\t\t<a class=\"elementor-button elementor-button-link elementor-size-sm elementor-animation-float\" href=\"https:\/\/api.whatsapp.com\/send?phone=5551981810160\">\n\t\t\t\t\t\t<span class=\"elementor-button-content-wrapper\">\n\t\t\t\t\t\t<span class=\"elementor-button-icon elementor-align-icon-right\">\n\t\t\t\t<i aria-hidden=\"true\" class=\"fab fa-whatsapp\"><\/i>\t\t\t<\/span>\n\t\t\t\t\t\t<span class=\"elementor-button-text\">Entrar em contato<\/span>\n\t\t<\/span>\n\t\t\t\t\t<\/a>\n\t\t<\/div>\n\t\t\t\t<\/div>\n\t\t\t\t<\/div>\n\t\t\t\t\t<\/div>\n\t\t<\/div>\n\t\t\t\t<div class=\"elementor-column elementor-col-50 elementor-top-column elementor-element elementor-element-451e8f1\" data-id=\"451e8f1\" data-element_type=\"column\" data-settings=\"{&quot;background_background&quot;:&quot;classic&quot;}\">\n\t\t\t<div class=\"elementor-widget-wrap elementor-element-populated\">\n\t\t\t\t\t\t\t\t<div class=\"elementor-element elementor-element-f1e0895 elementor-widget elementor-widget-spacer\" data-id=\"f1e0895\" data-element_type=\"widget\" data-widget_type=\"spacer.default\">\n\t\t\t\t<div class=\"elementor-widget-container\">\n\t\t\t<style>\/*! elementor - v3.16.0 - 20-09-2023 *\/\n.elementor-column .elementor-spacer-inner{height:var(--spacer-size)}.e-con{--container-widget-width:100%}.e-con-inner>.elementor-widget-spacer,.e-con>.elementor-widget-spacer{width:var(--container-widget-width,var(--spacer-size));--align-self:var(--container-widget-align-self,initial);--flex-shrink:0}.e-con-inner>.elementor-widget-spacer>.elementor-widget-container,.e-con>.elementor-widget-spacer>.elementor-widget-container{height:100%;width:100%}.e-con-inner>.elementor-widget-spacer>.elementor-widget-container>.elementor-spacer,.e-con>.elementor-widget-spacer>.elementor-widget-container>.elementor-spacer{height:100%}.e-con-inner>.elementor-widget-spacer>.elementor-widget-container>.elementor-spacer>.elementor-spacer-inner,.e-con>.elementor-widget-spacer>.elementor-widget-container>.elementor-spacer>.elementor-spacer-inner{height:var(--container-widget-height,var(--spacer-size))}.e-con-inner>.elementor-widget-spacer.elementor-widget-empty,.e-con>.elementor-widget-spacer.elementor-widget-empty{position:relative;min-height:22px;min-width:22px}.e-con-inner>.elementor-widget-spacer.elementor-widget-empty .elementor-widget-empty-icon,.e-con>.elementor-widget-spacer.elementor-widget-empty .elementor-widget-empty-icon{position:absolute;top:0;bottom:0;left:0;right:0;margin:auto;padding:0;width:22px;height:22px}<\/style>\t\t<div class=\"elementor-spacer\">\n\t\t\t<div class=\"elementor-spacer-inner\"><\/div>\n\t\t<\/div>\n\t\t\t\t<\/div>\n\t\t\t\t<\/div>\n\t\t\t\t\t<\/div>\n\t\t<\/div>\n\t\t\t\t\t\t\t<\/div>\n\t\t<\/section>\n\t\t\t\t<section class=\"elementor-section elementor-top-section elementor-element elementor-element-73fe895 elementor-section-boxed elementor-section-height-default elementor-section-height-default\" data-id=\"73fe895\" data-element_type=\"section\" data-settings=\"{&quot;background_background&quot;:&quot;classic&quot;}\">\n\t\t\t\t\t\t<div class=\"elementor-container elementor-column-gap-default\">\n\t\t\t\t\t<div class=\"elementor-column elementor-col-100 elementor-top-column elementor-element elementor-element-e175fe2\" data-id=\"e175fe2\" data-element_type=\"column\">\n\t\t\t<div class=\"elementor-widget-wrap elementor-element-populated\">\n\t\t\t\t\t\t\t\t<div class=\"elementor-element elementor-element-e8d77cf elementor-widget elementor-widget-jkit_heading\" data-id=\"e8d77cf\" data-element_type=\"widget\" data-widget_type=\"jkit_heading.default\">\n\t\t\t\t<div class=\"elementor-widget-container\">\n\t\t\t<div  class=\"jeg-elementor-kit jkit-heading  align-center align-tablet- align-mobile- jeg_module___69f554da9cc4d\" ><div class=\"heading-section-title  display-inline-block\"><h5 class=\"heading-title\"><span class=\"style-color\"><span>Nosso Blog<\/span><\/span><\/h5><\/div><\/div>\t\t<\/div>\n\t\t\t\t<\/div>\n\t\t\t\t<div class=\"elementor-element elementor-element-b11b0b7 elementor-widget elementor-widget-jkit_post_block\" data-id=\"b11b0b7\" data-element_type=\"widget\" data-widget_type=\"jkit_post_block.default\">\n\t\t\t\t<div class=\"elementor-widget-container\">\n\t\t\t<div  class=\"jeg-elementor-kit jkit-postblock postblock-type-3 jkit-pagination-disable post-element jeg_module__1_69f554daa66ea\"  data-id=\"jeg_module__1_69f554daa66ea\" data-settings=\"{&quot;post_type&quot;:&quot;post&quot;,&quot;number_post&quot;:{&quot;unit&quot;:&quot;px&quot;,&quot;size&quot;:3,&quot;sizes&quot;:[]},&quot;post_offset&quot;:0,&quot;unique_content&quot;:&quot;disable&quot;,&quot;include_post&quot;:&quot;&quot;,&quot;exclude_post&quot;:&quot;&quot;,&quot;include_category&quot;:&quot;&quot;,&quot;exclude_category&quot;:&quot;&quot;,&quot;include_author&quot;:&quot;&quot;,&quot;include_tag&quot;:&quot;&quot;,&quot;exclude_tag&quot;:&quot;&quot;,&quot;sort_by&quot;:&quot;latest&quot;,&quot;pagination_mode&quot;:&quot;disable&quot;,&quot;pagination_loadmore_text&quot;:&quot;Load More&quot;,&quot;pagination_loading_text&quot;:&quot;Loading...&quot;,&quot;pagination_number_post&quot;:{&quot;unit&quot;:&quot;px&quot;,&quot;size&quot;:3,&quot;sizes&quot;:[]},&quot;pagination_scroll_limit&quot;:0,&quot;pagination_icon&quot;:{&quot;value&quot;:&quot;&quot;,&quot;library&quot;:&quot;&quot;},&quot;pagination_icon_position&quot;:&quot;before&quot;,&quot;st_category_position&quot;:&quot;left&quot;,&quot;sg_content_postblock_type&quot;:&quot;type-3&quot;,&quot;sg_content_element_order&quot;:&quot;title,meta,excerpt,read&quot;,&quot;sg_content_breakpoint&quot;:&quot;tablet&quot;,&quot;sg_content_title_html_tag&quot;:&quot;h4&quot;,&quot;sg_content_category_enable&quot;:&quot;yes&quot;,&quot;sg_content_excerpt_enable&quot;:&quot;yes&quot;,&quot;sg_content_excerpt_length&quot;:{&quot;unit&quot;:&quot;px&quot;,&quot;size&quot;:19,&quot;sizes&quot;:[]},&quot;sg_content_excerpt_more&quot;:&quot;...&quot;,&quot;sg_content_readmore_enable&quot;:&quot;yes&quot;,&quot;sg_content_readmore_icon&quot;:{&quot;value&quot;:&quot;fas fa-arrow-right&quot;,&quot;library&quot;:&quot;fa-solid&quot;},&quot;sg_content_readmore_icon_position&quot;:&quot;after&quot;,&quot;sg_content_readmore_text&quot;:&quot;Read More&quot;,&quot;sg_content_comment_enable&quot;:&quot;&quot;,&quot;sg_content_comment_icon&quot;:{&quot;value&quot;:&quot;fas fa-comment&quot;,&quot;library&quot;:&quot;fa-solid&quot;},&quot;sg_content_comment_icon_position&quot;:&quot;before&quot;,&quot;sg_content_meta_enable&quot;:&quot;&quot;,&quot;sg_content_meta_author_enable&quot;:&quot;&quot;,&quot;sg_content_meta_author_by_text&quot;:&quot;by&quot;,&quot;sg_content_meta_author_icon&quot;:{&quot;value&quot;:&quot;fas fa-user&quot;,&quot;library&quot;:&quot;fa-solid&quot;},&quot;sg_content_meta_author_icon_position&quot;:&quot;before&quot;,&quot;sg_content_meta_date_enable&quot;:&quot;&quot;,&quot;sg_content_meta_date_type&quot;:&quot;published&quot;,&quot;sg_content_meta_date_format&quot;:&quot;default&quot;,&quot;sg_content_meta_date_format_custom&quot;:&quot;F j, Y&quot;,&quot;sg_content_meta_date_icon&quot;:{&quot;value&quot;:&quot;fas fa-clock&quot;,&quot;library&quot;:&quot;fa-solid&quot;},&quot;sg_content_meta_date_icon_position&quot;:&quot;before&quot;,&quot;sg_content_image_size_imagesize_size&quot;:&quot;full&quot;,&quot;paged&quot;:1,&quot;class&quot;:&quot;jkit_post_block&quot;}\"><div class=\"jkit-block-container\"><div class=\"jkit-posts jkit-ajax-flag\">\n            <article class=\"jkit-post post-623 post type-post status-publish format-standard hentry category-sem-categoria\">\n                    <div class=\"jkit-thumb\"><a href=\"https:\/\/frizzopagnossin.adv.br\/index.php\/2024\/06\/18\/diferenca-do-alcance-da-pena-de-suspensao-do-direito-de-licitar-entre-a-lei-14-133-21-e-a-lei-8-666-93\/\"><div class=\"thumbnail-container no_thumbnail\">\n            \n        <\/div><\/a><div class=\"jkit-post-category position-left\"><span><a href=\"https:\/\/frizzopagnossin.adv.br\/index.php\/category\/sem-categoria\/\" class=\"category-sem-categoria\">Sem categoria<\/a><\/span><\/div><\/div>\n                    <div class=\"jkit-postblock-content\"><h4 class=\"jkit-post-title\">\n\t\t\t\t\t\t\t<a href=\"https:\/\/frizzopagnossin.adv.br\/index.php\/2024\/06\/18\/diferenca-do-alcance-da-pena-de-suspensao-do-direito-de-licitar-entre-a-lei-14-133-21-e-a-lei-8-666-93\/\">Diferen\u00e7a do Alcance da Pena de Suspens\u00e3o do Direito de Licitar entre a Lei 14.133\/21 e a Lei 8.666\/93<\/a>\n\t\t\t\t\t\t<\/h4><div class=\"jkit-post-excerpt\"><p>A legisla\u00e7\u00e3o brasileira que regula as licita\u00e7\u00f5es e contratos administrativos passou por uma significativa reformula\u00e7\u00e3o com a promulga\u00e7\u00e3o da...<\/p><\/div><div class=\"jkit-post-meta-bottom\">\n\t\t\t\t\t\t\t<div class=\"jkit-meta-readmore icon-position-after\">\n                <a href=\"https:\/\/frizzopagnossin.adv.br\/index.php\/2024\/06\/18\/diferenca-do-alcance-da-pena-de-suspensao-do-direito-de-licitar-entre-a-lei-14-133-21-e-a-lei-8-666-93\/\" class=\"jkit-readmore\">Read More<i aria-hidden=\"true\" class=\"fas fa-arrow-right\"><\/i><\/a>\n            <\/div>\n\t\t\t\t\t\t<\/div><\/div>\n                <\/article><article class=\"jkit-post post-525 post type-post status-publish format-standard has-post-thumbnail hentry category-sem-categoria\">\n                    <div class=\"jkit-thumb\"><a href=\"https:\/\/frizzopagnossin.adv.br\/index.php\/2023\/10\/16\/desvendando-o-direito-civil-conceitos-fundamentais-e-aplicacoes-praticas\/\"><div class=\"thumbnail-container \">\n            <img loading=\"lazy\" decoding=\"async\" width=\"1024\" height=\"668\" src=\"https:\/\/frizzopagnossin.adv.br\/wp-content\/uploads\/2023\/10\/direito-civil1491921119.jpg\" class=\"attachment-full size-full wp-post-image\" alt=\"\" srcset=\"https:\/\/frizzopagnossin.adv.br\/wp-content\/uploads\/2023\/10\/direito-civil1491921119.jpg 1024w, https:\/\/frizzopagnossin.adv.br\/wp-content\/uploads\/2023\/10\/direito-civil1491921119-300x196.jpg 300w, https:\/\/frizzopagnossin.adv.br\/wp-content\/uploads\/2023\/10\/direito-civil1491921119-768x501.jpg 768w\" sizes=\"(max-width: 1024px) 100vw, 1024px\" \/>\n        <\/div><\/a><div class=\"jkit-post-category position-left\"><span><a href=\"https:\/\/frizzopagnossin.adv.br\/index.php\/category\/sem-categoria\/\" class=\"category-sem-categoria\">Sem categoria<\/a><\/span><\/div><\/div>\n                    <div class=\"jkit-postblock-content\"><h4 class=\"jkit-post-title\">\n\t\t\t\t\t\t\t<a href=\"https:\/\/frizzopagnossin.adv.br\/index.php\/2023\/10\/16\/desvendando-o-direito-civil-conceitos-fundamentais-e-aplicacoes-praticas\/\">Desvendando o Direito Civil: Conceitos Fundamentais e Aplica\u00e7\u00f5es Pr\u00e1ticas<\/a>\n\t\t\t\t\t\t<\/h4><div class=\"jkit-post-excerpt\"><p>Desvendando o Direito Civil: Conceitos Fundamentais e Aplica\u00e7\u00f5es Pr\u00e1ticas O Direito Civil \u00e9 uma das \u00e1reas mais amplas e...<\/p><\/div><div class=\"jkit-post-meta-bottom\">\n\t\t\t\t\t\t\t<div class=\"jkit-meta-readmore icon-position-after\">\n                <a href=\"https:\/\/frizzopagnossin.adv.br\/index.php\/2023\/10\/16\/desvendando-o-direito-civil-conceitos-fundamentais-e-aplicacoes-praticas\/\" class=\"jkit-readmore\">Read More<i aria-hidden=\"true\" class=\"fas fa-arrow-right\"><\/i><\/a>\n            <\/div>\n\t\t\t\t\t\t<\/div><\/div>\n                <\/article><article class=\"jkit-post post-505 post type-post status-publish format-standard has-post-thumbnail hentry category-sem-categoria\">\n                    <div class=\"jkit-thumb\"><a href=\"https:\/\/frizzopagnossin.adv.br\/index.php\/2023\/10\/16\/desvendando-o-direito-administrativo-conceitos-e-aplicacoes\/\"><div class=\"thumbnail-container \">\n            <img loading=\"lazy\" decoding=\"async\" width=\"500\" height=\"246\" src=\"https:\/\/frizzopagnossin.adv.br\/wp-content\/uploads\/2023\/10\/IiqdVhBlCS9pMuoDhaOPU6bdTQ1ISaWmrhL2jjsJ.jpeg\" class=\"attachment-full size-full wp-post-image\" alt=\"\" srcset=\"https:\/\/frizzopagnossin.adv.br\/wp-content\/uploads\/2023\/10\/IiqdVhBlCS9pMuoDhaOPU6bdTQ1ISaWmrhL2jjsJ.jpeg 500w, https:\/\/frizzopagnossin.adv.br\/wp-content\/uploads\/2023\/10\/IiqdVhBlCS9pMuoDhaOPU6bdTQ1ISaWmrhL2jjsJ-300x148.jpeg 300w\" sizes=\"(max-width: 500px) 100vw, 500px\" \/>\n        <\/div><\/a><div class=\"jkit-post-category position-left\"><span><a href=\"https:\/\/frizzopagnossin.adv.br\/index.php\/category\/sem-categoria\/\" class=\"category-sem-categoria\">Sem categoria<\/a><\/span><\/div><\/div>\n                    <div class=\"jkit-postblock-content\"><h4 class=\"jkit-post-title\">\n\t\t\t\t\t\t\t<a href=\"https:\/\/frizzopagnossin.adv.br\/index.php\/2023\/10\/16\/desvendando-o-direito-administrativo-conceitos-e-aplicacoes\/\">Desvendando o Direito Administrativo: Conceitos e Aplica\u00e7\u00f5es<\/a>\n\t\t\t\t\t\t<\/h4><div class=\"jkit-post-excerpt\"><p>Desvendando o Direito Administrativo: Conceitos e Aplica\u00e7\u00f5es O Direito Administrativo \u00e9 uma \u00e1rea fascinante do direito que governa as...<\/p><\/div><div class=\"jkit-post-meta-bottom\">\n\t\t\t\t\t\t\t<div class=\"jkit-meta-readmore icon-position-after\">\n                <a href=\"https:\/\/frizzopagnossin.adv.br\/index.php\/2023\/10\/16\/desvendando-o-direito-administrativo-conceitos-e-aplicacoes\/\" class=\"jkit-readmore\">Read More<i aria-hidden=\"true\" class=\"fas fa-arrow-right\"><\/i><\/a>\n            <\/div>\n\t\t\t\t\t\t<\/div><\/div>\n                <\/article>\n        <\/div><\/div><\/div>\t\t<\/div>\n\t\t\t\t<\/div>\n\t\t\t\t\t<\/div>\n\t\t<\/div>\n\t\t\t\t\t\t\t<\/div>\n\t\t<\/section>\n\t\t\t\t\t\t\t<\/div>\n\t\t","protected":false},"excerpt":{"rendered":"<p>Direito Tribut\u00e1rio In\u00edcio Direito Tribut\u00e1rio Por Que Escolher Nossos Servi\u00e7os de Direito Tribut\u00e1rio? Especializa\u00e7\u00e3o e Experi\u00eanciaNossa equipe de advogados possui vasta experi\u00eancia em Direito Tribut\u00e1rio e mant\u00e9m-se atualizada com as mudan\u00e7as constantes na legisla\u00e7\u00e3o fiscal. Sabemos como lidar com uma ampla gama de quest\u00f5es fiscais e tribut\u00e1rias. Orienta\u00e7\u00e3o PersonalizadaCada cliente \u00e9 \u00fanico, e oferecemos orienta\u00e7\u00e3o [&hellip;]<\/p>\n","protected":false},"author":1,"featured_media":0,"parent":0,"menu_order":0,"comment_status":"open","ping_status":"closed","template":"elementor_canvas","meta":{"footnotes":""},"_links":{"self":[{"href":"https:\/\/frizzopagnossin.adv.br\/index.php\/wp-json\/wp\/v2\/pages\/460"}],"collection":[{"href":"https:\/\/frizzopagnossin.adv.br\/index.php\/wp-json\/wp\/v2\/pages"}],"about":[{"href":"https:\/\/frizzopagnossin.adv.br\/index.php\/wp-json\/wp\/v2\/types\/page"}],"author":[{"embeddable":true,"href":"https:\/\/frizzopagnossin.adv.br\/index.php\/wp-json\/wp\/v2\/users\/1"}],"replies":[{"embeddable":true,"href":"https:\/\/frizzopagnossin.adv.br\/index.php\/wp-json\/wp\/v2\/comments?post=460"}],"version-history":[{"count":16,"href":"https:\/\/frizzopagnossin.adv.br\/index.php\/wp-json\/wp\/v2\/pages\/460\/revisions"}],"predecessor-version":[{"id":485,"href":"https:\/\/frizzopagnossin.adv.br\/index.php\/wp-json\/wp\/v2\/pages\/460\/revisions\/485"}],"wp:attachment":[{"href":"https:\/\/frizzopagnossin.adv.br\/index.php\/wp-json\/wp\/v2\/media?parent=460"}],"curies":[{"name":"wp","href":"https:\/\/api.w.org\/{rel}","templated":true}]}}