{"id":437,"date":"2023-10-16T14:54:19","date_gmt":"2023-10-16T17:54:19","guid":{"rendered":"https:\/\/frizzopagnossin.adv.br\/?page_id=437"},"modified":"2023-10-16T15:01:14","modified_gmt":"2023-10-16T18:01:14","slug":"direito-previdenciario","status":"publish","type":"page","link":"https:\/\/frizzopagnossin.adv.br\/index.php\/direito-previdenciario\/","title":{"rendered":"Direito trabalhista"},"content":{"rendered":"\t\t<div data-elementor-type=\"wp-page\" data-elementor-id=\"437\" class=\"elementor elementor-437\" data-elementor-post-type=\"page\">\n\t\t\t\t\t\t\t\t\t<section class=\"elementor-section elementor-top-section elementor-element elementor-element-7b7ce92 elementor-section-boxed elementor-section-height-default elementor-section-height-default\" data-id=\"7b7ce92\" data-element_type=\"section\" data-settings=\"{&quot;background_background&quot;:&quot;classic&quot;}\">\n\t\t\t\t\t\t\t<div class=\"elementor-background-overlay\"><\/div>\n\t\t\t\t\t\t\t<div class=\"elementor-container elementor-column-gap-default\">\n\t\t\t\t\t<div class=\"elementor-column elementor-col-100 elementor-top-column elementor-element elementor-element-29288f6\" data-id=\"29288f6\" data-element_type=\"column\">\n\t\t\t<div class=\"elementor-widget-wrap elementor-element-populated\">\n\t\t\t\t\t\t\t\t<div class=\"elementor-element elementor-element-d2bbab0 elementor-widget elementor-widget-heading\" data-id=\"d2bbab0\" data-element_type=\"widget\" data-widget_type=\"heading.default\">\n\t\t\t\t<div class=\"elementor-widget-container\">\n\t\t\t<style>\/*! elementor - v3.16.0 - 20-09-2023 *\/\n.elementor-heading-title{padding:0;margin:0;line-height:1}.elementor-widget-heading .elementor-heading-title[class*=elementor-size-]>a{color:inherit;font-size:inherit;line-height:inherit}.elementor-widget-heading .elementor-heading-title.elementor-size-small{font-size:15px}.elementor-widget-heading .elementor-heading-title.elementor-size-medium{font-size:19px}.elementor-widget-heading .elementor-heading-title.elementor-size-large{font-size:29px}.elementor-widget-heading .elementor-heading-title.elementor-size-xl{font-size:39px}.elementor-widget-heading .elementor-heading-title.elementor-size-xxl{font-size:59px}<\/style><h2 class=\"elementor-heading-title elementor-size-default\">Direito trabalhista<\/h2>\t\t<\/div>\n\t\t\t\t<\/div>\n\t\t\t\t<div class=\"elementor-element elementor-element-49cd396 elementor-icon-list--layout-inline elementor-align-center elementor-list-item-link-full_width elementor-widget elementor-widget-icon-list\" data-id=\"49cd396\" data-element_type=\"widget\" data-widget_type=\"icon-list.default\">\n\t\t\t\t<div class=\"elementor-widget-container\">\n\t\t\t<link rel=\"stylesheet\" href=\"https:\/\/frizzopagnossin.adv.br\/wp-content\/plugins\/elementor\/assets\/css\/widget-icon-list.min.css\">\t\t<ul class=\"elementor-icon-list-items elementor-inline-items\">\n\t\t\t\t\t\t\t<li class=\"elementor-icon-list-item elementor-inline-item\">\n\t\t\t\t\t\t\t\t\t\t<span class=\"elementor-icon-list-text\">In\u00edcio<\/span>\n\t\t\t\t\t\t\t\t\t<\/li>\n\t\t\t\t\t\t\t\t<li class=\"elementor-icon-list-item elementor-inline-item\">\n\t\t\t\t\t\t\t\t\t\t\t<span class=\"elementor-icon-list-icon\">\n\t\t\t\t\t\t\t<i aria-hidden=\"true\" class=\"fas fa-chevron-right\"><\/i>\t\t\t\t\t\t<\/span>\n\t\t\t\t\t\t\t\t\t\t<span class=\"elementor-icon-list-text\">Direito trabalhista\u200b<\/span>\n\t\t\t\t\t\t\t\t\t<\/li>\n\t\t\t\t\t\t<\/ul>\n\t\t\t\t<\/div>\n\t\t\t\t<\/div>\n\t\t\t\t\t<\/div>\n\t\t<\/div>\n\t\t\t\t\t\t\t<\/div>\n\t\t<\/section>\n\t\t\t\t<section class=\"elementor-section elementor-top-section elementor-element elementor-element-58b490c elementor-section-content-middle elementor-section-boxed elementor-section-height-default elementor-section-height-default\" data-id=\"58b490c\" data-element_type=\"section\">\n\t\t\t\t\t\t<div class=\"elementor-container elementor-column-gap-default\">\n\t\t\t\t\t<div class=\"elementor-column elementor-col-100 elementor-top-column elementor-element elementor-element-9ae9175\" data-id=\"9ae9175\" data-element_type=\"column\">\n\t\t\t<div class=\"elementor-widget-wrap elementor-element-populated\">\n\t\t\t\t\t\t\t\t<div class=\"elementor-element elementor-element-bf0880d elementor-widget elementor-widget-heading\" data-id=\"bf0880d\" data-element_type=\"widget\" data-widget_type=\"heading.default\">\n\t\t\t\t<div class=\"elementor-widget-container\">\n\t\t\t<h2 class=\"elementor-heading-title elementor-size-default\">Por Que Escolher Nossos Servi\u00e7os de Direito Trabalhista?<\/h2>\t\t<\/div>\n\t\t\t\t<\/div>\n\t\t\t\t<div class=\"elementor-element elementor-element-f516dba elementor-widget elementor-widget-text-editor\" data-id=\"f516dba\" data-element_type=\"widget\" data-widget_type=\"text-editor.default\">\n\t\t\t\t<div class=\"elementor-widget-container\">\n\t\t\t<style>\/*! elementor - v3.16.0 - 20-09-2023 *\/\n.elementor-widget-text-editor.elementor-drop-cap-view-stacked .elementor-drop-cap{background-color:#69727d;color:#fff}.elementor-widget-text-editor.elementor-drop-cap-view-framed .elementor-drop-cap{color:#69727d;border:3px solid;background-color:transparent}.elementor-widget-text-editor:not(.elementor-drop-cap-view-default) .elementor-drop-cap{margin-top:8px}.elementor-widget-text-editor:not(.elementor-drop-cap-view-default) .elementor-drop-cap-letter{width:1em;height:1em}.elementor-widget-text-editor .elementor-drop-cap{float:left;text-align:center;line-height:1;font-size:50px}.elementor-widget-text-editor .elementor-drop-cap-letter{display:inline-block}<\/style>\t\t\t\t<h5><img loading=\"lazy\" decoding=\"async\" class=\"alignnone size-medium wp-image-71\" src=\"https:\/\/frizzopagnossin.adv.br\/wp-content\/uploads\/2023\/10\/talk-of-accountants-300x200.jpg\" alt=\"\" width=\"300\" height=\"200\" srcset=\"https:\/\/frizzopagnossin.adv.br\/wp-content\/uploads\/2023\/10\/talk-of-accountants-300x200.jpg 300w, https:\/\/frizzopagnossin.adv.br\/wp-content\/uploads\/2023\/10\/talk-of-accountants-1024x682.jpg 1024w, https:\/\/frizzopagnossin.adv.br\/wp-content\/uploads\/2023\/10\/talk-of-accountants-768x512.jpg 768w, https:\/\/frizzopagnossin.adv.br\/wp-content\/uploads\/2023\/10\/talk-of-accountants-1536x1024.jpg 1536w, https:\/\/frizzopagnossin.adv.br\/wp-content\/uploads\/2023\/10\/talk-of-accountants.jpg 2000w\" sizes=\"(max-width: 300px) 100vw, 300px\" \/><\/h5><h5><strong>Experi\u00eancia e Especializa\u00e7\u00e3o<\/strong><\/h5><p>Nossa equipe de advogados possui vasta experi\u00eancia e conhecimento em Direito Trabalhista. Compreendemos as leis trabalhistas em constante evolu\u00e7\u00e3o e estamos preparados para enfrentar desafios trabalhistas de todos os tipos.<\/p><h6><strong>Atendimento Personalizado<\/strong><\/h6><p>Valorizamos cada cliente e suas necessidades espec\u00edficas. Oferecemos atendimento personalizado, garantindo que voc\u00ea seja ouvido, compreendido e informado sobre seus direitos e op\u00e7\u00f5es legais.<\/p><pre><strong>Resultados Comprovados<\/strong><\/pre><p>Temos um hist\u00f3rico de sucesso na resolu\u00e7\u00e3o de lit\u00edgios trabalhistas e na obten\u00e7\u00e3o de resultados favor\u00e1veis para nossos clientes. Nossa prioridade \u00e9 alcan\u00e7ar os melhores resultados poss\u00edveis em seu caso.<\/p><p><strong>Nossos servi\u00e7os:<\/strong><\/p><h6>Orienta\u00e7\u00e3o em Quest\u00f5es Trabalhistas<\/h6><p>Oferecemos orienta\u00e7\u00e3o jur\u00eddica abrangente em uma variedade de quest\u00f5es trabalhistas, desde contratos de trabalho at\u00e9 direitos do empregado.<\/p><h6>Resolu\u00e7\u00e3o de Disputas<\/h6><p>Se voc\u00ea est\u00e1 envolvido em uma disputa trabalhista, estamos aqui para represent\u00e1-lo e buscar solu\u00e7\u00f5es eficazes por meio de negocia\u00e7\u00f5es ou lit\u00edgios judiciais.<\/p><h3>Assessoria em Demiss\u00f5es<\/h3><p>Se voc\u00ea foi demitido de maneira injusta ou est\u00e1 enfrentando uma situa\u00e7\u00e3o de rescis\u00e3o de contrato, ajudamos a avaliar suas op\u00e7\u00f5es legais e buscar uma resolu\u00e7\u00e3o adequada.<\/p><h6>Horas Extras e Direitos Salariais<\/h6><p>Se voc\u00ea n\u00e3o est\u00e1 recebendo sal\u00e1rios ou horas extras adequadamente, nossa equipe pode auxili\u00e1-lo a reivindicar o que \u00e9 devido.<\/p><h6>Quest\u00f5es de Discrimina\u00e7\u00e3o e Ass\u00e9dio<\/h6><p>Se voc\u00ea foi v\u00edtima de discrimina\u00e7\u00e3o ou ass\u00e9dio no local de trabalho, estamos aqui para defender seus direitos e buscar justi\u00e7a.<\/p><p><strong>Entre em contato<\/strong><\/p><p>Se voc\u00ea est\u00e1 enfrentando desafios relacionados ao Direito Trabalhista, n\u00e3o hesite em entrar em contato conosco. Estamos aqui para proteger seus direitos no local de trabalho e garantir que voc\u00ea seja tratado de forma justa e equitativa. Agende uma consulta conosco e deixe nossa equipe de advogados especializados em Direito Trabalhista cuidar de voc\u00ea.<\/p>\t\t\t\t\t\t<\/div>\n\t\t\t\t<\/div>\n\t\t\t\t\t<\/div>\n\t\t<\/div>\n\t\t\t\t\t\t\t<\/div>\n\t\t<\/section>\n\t\t\t\t<section class=\"elementor-section elementor-top-section elementor-element elementor-element-1f04015 elementor-section-boxed elementor-section-height-default elementor-section-height-default\" data-id=\"1f04015\" data-element_type=\"section\" data-settings=\"{&quot;background_background&quot;:&quot;classic&quot;}\">\n\t\t\t\t\t\t<div class=\"elementor-container elementor-column-gap-default\">\n\t\t\t\t\t<div class=\"elementor-column elementor-col-100 elementor-top-column elementor-element elementor-element-a6b0621\" data-id=\"a6b0621\" data-element_type=\"column\">\n\t\t\t<div class=\"elementor-widget-wrap elementor-element-populated\">\n\t\t\t\t\t\t\t\t<div class=\"elementor-element elementor-element-597b8fc elementor-widget elementor-widget-jkit_heading\" data-id=\"597b8fc\" data-element_type=\"widget\" data-widget_type=\"jkit_heading.default\">\n\t\t\t\t<div class=\"elementor-widget-container\">\n\t\t\t<div  class=\"jeg-elementor-kit jkit-heading  align-center align-tablet- align-mobile- jeg_module___69f554d0d19bd\" ><div class=\"heading-section-title  display-inline-block\"><h5 class=\"heading-title\"><span class=\"style-color\"><span>Nosso Blog<\/span><\/span><\/h5><\/div><\/div>\t\t<\/div>\n\t\t\t\t<\/div>\n\t\t\t\t<div class=\"elementor-element elementor-element-3028ad9 elementor-widget elementor-widget-jkit_post_block\" data-id=\"3028ad9\" data-element_type=\"widget\" data-widget_type=\"jkit_post_block.default\">\n\t\t\t\t<div class=\"elementor-widget-container\">\n\t\t\t<div  class=\"jeg-elementor-kit jkit-postblock postblock-type-3 jkit-pagination-disable post-element jeg_module__1_69f554d14042e\"  data-id=\"jeg_module__1_69f554d14042e\" data-settings=\"{&quot;post_type&quot;:&quot;post&quot;,&quot;number_post&quot;:{&quot;unit&quot;:&quot;px&quot;,&quot;size&quot;:3,&quot;sizes&quot;:[]},&quot;post_offset&quot;:0,&quot;unique_content&quot;:&quot;disable&quot;,&quot;include_post&quot;:&quot;&quot;,&quot;exclude_post&quot;:&quot;&quot;,&quot;include_category&quot;:&quot;&quot;,&quot;exclude_category&quot;:&quot;&quot;,&quot;include_author&quot;:&quot;&quot;,&quot;include_tag&quot;:&quot;&quot;,&quot;exclude_tag&quot;:&quot;&quot;,&quot;sort_by&quot;:&quot;latest&quot;,&quot;pagination_mode&quot;:&quot;disable&quot;,&quot;pagination_loadmore_text&quot;:&quot;Load More&quot;,&quot;pagination_loading_text&quot;:&quot;Loading...&quot;,&quot;pagination_number_post&quot;:{&quot;unit&quot;:&quot;px&quot;,&quot;size&quot;:3,&quot;sizes&quot;:[]},&quot;pagination_scroll_limit&quot;:0,&quot;pagination_icon&quot;:{&quot;value&quot;:&quot;&quot;,&quot;library&quot;:&quot;&quot;},&quot;pagination_icon_position&quot;:&quot;before&quot;,&quot;st_category_position&quot;:&quot;left&quot;,&quot;sg_content_postblock_type&quot;:&quot;type-3&quot;,&quot;sg_content_element_order&quot;:&quot;title,meta,excerpt,read&quot;,&quot;sg_content_breakpoint&quot;:&quot;tablet&quot;,&quot;sg_content_title_html_tag&quot;:&quot;h4&quot;,&quot;sg_content_category_enable&quot;:&quot;yes&quot;,&quot;sg_content_excerpt_enable&quot;:&quot;yes&quot;,&quot;sg_content_excerpt_length&quot;:{&quot;unit&quot;:&quot;px&quot;,&quot;size&quot;:19,&quot;sizes&quot;:[]},&quot;sg_content_excerpt_more&quot;:&quot;...&quot;,&quot;sg_content_readmore_enable&quot;:&quot;yes&quot;,&quot;sg_content_readmore_icon&quot;:{&quot;value&quot;:&quot;fas fa-arrow-right&quot;,&quot;library&quot;:&quot;fa-solid&quot;},&quot;sg_content_readmore_icon_position&quot;:&quot;after&quot;,&quot;sg_content_readmore_text&quot;:&quot;Read More&quot;,&quot;sg_content_comment_enable&quot;:&quot;&quot;,&quot;sg_content_comment_icon&quot;:{&quot;value&quot;:&quot;fas fa-comment&quot;,&quot;library&quot;:&quot;fa-solid&quot;},&quot;sg_content_comment_icon_position&quot;:&quot;before&quot;,&quot;sg_content_meta_enable&quot;:&quot;&quot;,&quot;sg_content_meta_author_enable&quot;:&quot;&quot;,&quot;sg_content_meta_author_by_text&quot;:&quot;by&quot;,&quot;sg_content_meta_author_icon&quot;:{&quot;value&quot;:&quot;fas fa-user&quot;,&quot;library&quot;:&quot;fa-solid&quot;},&quot;sg_content_meta_author_icon_position&quot;:&quot;before&quot;,&quot;sg_content_meta_date_enable&quot;:&quot;&quot;,&quot;sg_content_meta_date_type&quot;:&quot;published&quot;,&quot;sg_content_meta_date_format&quot;:&quot;default&quot;,&quot;sg_content_meta_date_format_custom&quot;:&quot;F j, Y&quot;,&quot;sg_content_meta_date_icon&quot;:{&quot;value&quot;:&quot;fas fa-clock&quot;,&quot;library&quot;:&quot;fa-solid&quot;},&quot;sg_content_meta_date_icon_position&quot;:&quot;before&quot;,&quot;sg_content_image_size_imagesize_size&quot;:&quot;full&quot;,&quot;paged&quot;:1,&quot;class&quot;:&quot;jkit_post_block&quot;}\"><div class=\"jkit-block-container\"><div class=\"jkit-posts jkit-ajax-flag\">\n            <article class=\"jkit-post post-623 post type-post status-publish format-standard hentry category-sem-categoria\">\n                    <div class=\"jkit-thumb\"><a href=\"https:\/\/frizzopagnossin.adv.br\/index.php\/2024\/06\/18\/diferenca-do-alcance-da-pena-de-suspensao-do-direito-de-licitar-entre-a-lei-14-133-21-e-a-lei-8-666-93\/\"><div class=\"thumbnail-container no_thumbnail\">\n            \n        <\/div><\/a><div class=\"jkit-post-category position-left\"><span><a href=\"https:\/\/frizzopagnossin.adv.br\/index.php\/category\/sem-categoria\/\" class=\"category-sem-categoria\">Sem categoria<\/a><\/span><\/div><\/div>\n                    <div class=\"jkit-postblock-content\"><h4 class=\"jkit-post-title\">\n\t\t\t\t\t\t\t<a href=\"https:\/\/frizzopagnossin.adv.br\/index.php\/2024\/06\/18\/diferenca-do-alcance-da-pena-de-suspensao-do-direito-de-licitar-entre-a-lei-14-133-21-e-a-lei-8-666-93\/\">Diferen\u00e7a do Alcance da Pena de Suspens\u00e3o do Direito de Licitar entre a Lei 14.133\/21 e a Lei 8.666\/93<\/a>\n\t\t\t\t\t\t<\/h4><div class=\"jkit-post-excerpt\"><p>A legisla\u00e7\u00e3o brasileira que regula as licita\u00e7\u00f5es e contratos administrativos passou por uma significativa reformula\u00e7\u00e3o com a promulga\u00e7\u00e3o da...<\/p><\/div><div class=\"jkit-post-meta-bottom\">\n\t\t\t\t\t\t\t<div class=\"jkit-meta-readmore icon-position-after\">\n                <a href=\"https:\/\/frizzopagnossin.adv.br\/index.php\/2024\/06\/18\/diferenca-do-alcance-da-pena-de-suspensao-do-direito-de-licitar-entre-a-lei-14-133-21-e-a-lei-8-666-93\/\" class=\"jkit-readmore\">Read More<i aria-hidden=\"true\" class=\"fas fa-arrow-right\"><\/i><\/a>\n            <\/div>\n\t\t\t\t\t\t<\/div><\/div>\n                <\/article><article class=\"jkit-post post-525 post type-post status-publish format-standard has-post-thumbnail hentry category-sem-categoria\">\n                    <div class=\"jkit-thumb\"><a href=\"https:\/\/frizzopagnossin.adv.br\/index.php\/2023\/10\/16\/desvendando-o-direito-civil-conceitos-fundamentais-e-aplicacoes-praticas\/\"><div class=\"thumbnail-container \">\n            <img loading=\"lazy\" decoding=\"async\" width=\"1024\" height=\"668\" src=\"https:\/\/frizzopagnossin.adv.br\/wp-content\/uploads\/2023\/10\/direito-civil1491921119.jpg\" class=\"attachment-full size-full wp-post-image\" alt=\"\" srcset=\"https:\/\/frizzopagnossin.adv.br\/wp-content\/uploads\/2023\/10\/direito-civil1491921119.jpg 1024w, https:\/\/frizzopagnossin.adv.br\/wp-content\/uploads\/2023\/10\/direito-civil1491921119-300x196.jpg 300w, https:\/\/frizzopagnossin.adv.br\/wp-content\/uploads\/2023\/10\/direito-civil1491921119-768x501.jpg 768w\" sizes=\"(max-width: 1024px) 100vw, 1024px\" \/>\n        <\/div><\/a><div class=\"jkit-post-category position-left\"><span><a href=\"https:\/\/frizzopagnossin.adv.br\/index.php\/category\/sem-categoria\/\" class=\"category-sem-categoria\">Sem categoria<\/a><\/span><\/div><\/div>\n                    <div class=\"jkit-postblock-content\"><h4 class=\"jkit-post-title\">\n\t\t\t\t\t\t\t<a href=\"https:\/\/frizzopagnossin.adv.br\/index.php\/2023\/10\/16\/desvendando-o-direito-civil-conceitos-fundamentais-e-aplicacoes-praticas\/\">Desvendando o Direito Civil: Conceitos Fundamentais e Aplica\u00e7\u00f5es Pr\u00e1ticas<\/a>\n\t\t\t\t\t\t<\/h4><div class=\"jkit-post-excerpt\"><p>Desvendando o Direito Civil: Conceitos Fundamentais e Aplica\u00e7\u00f5es Pr\u00e1ticas O Direito Civil \u00e9 uma das \u00e1reas mais amplas e...<\/p><\/div><div class=\"jkit-post-meta-bottom\">\n\t\t\t\t\t\t\t<div class=\"jkit-meta-readmore icon-position-after\">\n                <a href=\"https:\/\/frizzopagnossin.adv.br\/index.php\/2023\/10\/16\/desvendando-o-direito-civil-conceitos-fundamentais-e-aplicacoes-praticas\/\" class=\"jkit-readmore\">Read More<i aria-hidden=\"true\" class=\"fas fa-arrow-right\"><\/i><\/a>\n            <\/div>\n\t\t\t\t\t\t<\/div><\/div>\n                <\/article><article class=\"jkit-post post-505 post type-post status-publish format-standard has-post-thumbnail hentry category-sem-categoria\">\n                    <div class=\"jkit-thumb\"><a href=\"https:\/\/frizzopagnossin.adv.br\/index.php\/2023\/10\/16\/desvendando-o-direito-administrativo-conceitos-e-aplicacoes\/\"><div class=\"thumbnail-container \">\n            <img loading=\"lazy\" decoding=\"async\" width=\"500\" height=\"246\" src=\"https:\/\/frizzopagnossin.adv.br\/wp-content\/uploads\/2023\/10\/IiqdVhBlCS9pMuoDhaOPU6bdTQ1ISaWmrhL2jjsJ.jpeg\" class=\"attachment-full size-full wp-post-image\" alt=\"\" srcset=\"https:\/\/frizzopagnossin.adv.br\/wp-content\/uploads\/2023\/10\/IiqdVhBlCS9pMuoDhaOPU6bdTQ1ISaWmrhL2jjsJ.jpeg 500w, https:\/\/frizzopagnossin.adv.br\/wp-content\/uploads\/2023\/10\/IiqdVhBlCS9pMuoDhaOPU6bdTQ1ISaWmrhL2jjsJ-300x148.jpeg 300w\" sizes=\"(max-width: 500px) 100vw, 500px\" \/>\n        <\/div><\/a><div class=\"jkit-post-category position-left\"><span><a href=\"https:\/\/frizzopagnossin.adv.br\/index.php\/category\/sem-categoria\/\" class=\"category-sem-categoria\">Sem categoria<\/a><\/span><\/div><\/div>\n                    <div class=\"jkit-postblock-content\"><h4 class=\"jkit-post-title\">\n\t\t\t\t\t\t\t<a href=\"https:\/\/frizzopagnossin.adv.br\/index.php\/2023\/10\/16\/desvendando-o-direito-administrativo-conceitos-e-aplicacoes\/\">Desvendando o Direito Administrativo: Conceitos e Aplica\u00e7\u00f5es<\/a>\n\t\t\t\t\t\t<\/h4><div class=\"jkit-post-excerpt\"><p>Desvendando o Direito Administrativo: Conceitos e Aplica\u00e7\u00f5es O Direito Administrativo \u00e9 uma \u00e1rea fascinante do direito que governa as...<\/p><\/div><div class=\"jkit-post-meta-bottom\">\n\t\t\t\t\t\t\t<div class=\"jkit-meta-readmore icon-position-after\">\n                <a href=\"https:\/\/frizzopagnossin.adv.br\/index.php\/2023\/10\/16\/desvendando-o-direito-administrativo-conceitos-e-aplicacoes\/\" class=\"jkit-readmore\">Read More<i aria-hidden=\"true\" class=\"fas fa-arrow-right\"><\/i><\/a>\n            <\/div>\n\t\t\t\t\t\t<\/div><\/div>\n                <\/article>\n        <\/div><\/div><\/div>\t\t<\/div>\n\t\t\t\t<\/div>\n\t\t\t\t\t<\/div>\n\t\t<\/div>\n\t\t\t\t\t\t\t<\/div>\n\t\t<\/section>\n\t\t\t\t\t\t\t<\/div>\n\t\t","protected":false},"excerpt":{"rendered":"<p>Direito trabalhista In\u00edcio Direito trabalhista\u200b Por Que Escolher Nossos Servi\u00e7os de Direito Trabalhista? Experi\u00eancia e Especializa\u00e7\u00e3o Nossa equipe de advogados possui vasta experi\u00eancia e conhecimento em Direito Trabalhista. Compreendemos as leis trabalhistas em constante evolu\u00e7\u00e3o e estamos preparados para enfrentar desafios trabalhistas de todos os tipos. Atendimento Personalizado Valorizamos cada cliente e suas necessidades espec\u00edficas. [&hellip;]<\/p>\n","protected":false},"author":1,"featured_media":0,"parent":0,"menu_order":0,"comment_status":"open","ping_status":"closed","template":"elementor_canvas","meta":{"footnotes":""},"_links":{"self":[{"href":"https:\/\/frizzopagnossin.adv.br\/index.php\/wp-json\/wp\/v2\/pages\/437"}],"collection":[{"href":"https:\/\/frizzopagnossin.adv.br\/index.php\/wp-json\/wp\/v2\/pages"}],"about":[{"href":"https:\/\/frizzopagnossin.adv.br\/index.php\/wp-json\/wp\/v2\/types\/page"}],"author":[{"embeddable":true,"href":"https:\/\/frizzopagnossin.adv.br\/index.php\/wp-json\/wp\/v2\/users\/1"}],"replies":[{"embeddable":true,"href":"https:\/\/frizzopagnossin.adv.br\/index.php\/wp-json\/wp\/v2\/comments?post=437"}],"version-history":[{"count":13,"href":"https:\/\/frizzopagnossin.adv.br\/index.php\/wp-json\/wp\/v2\/pages\/437\/revisions"}],"predecessor-version":[{"id":456,"href":"https:\/\/frizzopagnossin.adv.br\/index.php\/wp-json\/wp\/v2\/pages\/437\/revisions\/456"}],"wp:attachment":[{"href":"https:\/\/frizzopagnossin.adv.br\/index.php\/wp-json\/wp\/v2\/media?parent=437"}],"curies":[{"name":"wp","href":"https:\/\/api.w.org\/{rel}","templated":true}]}}